{"id":42,"date":"2026-03-09T10:40:34","date_gmt":"2026-03-09T10:40:34","guid":{"rendered":"https:\/\/futureafricaphilanthropy.org\/?page_id=42"},"modified":"2026-03-10T13:48:12","modified_gmt":"2026-03-10T13:48:12","slug":"plaidoyers","status":"publish","type":"page","link":"https:\/\/futureafricaphilanthropy.org\/index.php\/plaidoyers\/","title":{"rendered":"Plaidoyers"},"content":{"rendered":"<h2>Nous sommes un laboratoire de solutions philanthropiques <\/h2>\n<p>Notre\u00a0philanthropie\u00a0familiale s\u2019articule autour de trois axes majeurs\u202f:\u00a0<\/p>\n<p>\t\t\t\t\t\t\t\t\t\t\t\t\t<img loading=\"lazy\" decoding=\"async\" width=\"1672\" height=\"1224\" src=\"https:\/\/futureafricaphilanthropy.org\/wp-content\/uploads\/2026\/03\/Rectangle-10-2.webp\" alt=\"\" srcset=\"https:\/\/futureafricaphilanthropy.org\/wp-content\/uploads\/2026\/03\/Rectangle-10-2.webp 1672w, https:\/\/futureafricaphilanthropy.org\/wp-content\/uploads\/2026\/03\/Rectangle-10-2-300x220.webp 300w, https:\/\/futureafricaphilanthropy.org\/wp-content\/uploads\/2026\/03\/Rectangle-10-2-1024x750.webp 1024w, https:\/\/futureafricaphilanthropy.org\/wp-content\/uploads\/2026\/03\/Rectangle-10-2-768x562.webp 768w, https:\/\/futureafricaphilanthropy.org\/wp-content\/uploads\/2026\/03\/Rectangle-10-2-1536x1124.webp 1536w\" sizes=\"auto, (max-width: 1672px) 100vw, 1672px\" \/>\t\t\t\t\t\t\t\t\t\t\t\t\t\t\t\t<\/p>\n<h2>Climat<\/h2>\n<p>Sensibiliser les jeunes aux enjeux \u00e9cologiques et encourager des initiatives locales de pr\u00e9servation.<\/p>\n<p>\t\t\t\t\t\t\t\t\t\t\t\t\t<img loading=\"lazy\" decoding=\"async\" width=\"1672\" height=\"1224\" src=\"https:\/\/futureafricaphilanthropy.org\/wp-content\/uploads\/2026\/03\/Rectangle-10-1.webp\" alt=\"\" srcset=\"https:\/\/futureafricaphilanthropy.org\/wp-content\/uploads\/2026\/03\/Rectangle-10-1.webp 1672w, https:\/\/futureafricaphilanthropy.org\/wp-content\/uploads\/2026\/03\/Rectangle-10-1-300x220.webp 300w, https:\/\/futureafricaphilanthropy.org\/wp-content\/uploads\/2026\/03\/Rectangle-10-1-1024x750.webp 1024w, https:\/\/futureafricaphilanthropy.org\/wp-content\/uploads\/2026\/03\/Rectangle-10-1-768x562.webp 768w, https:\/\/futureafricaphilanthropy.org\/wp-content\/uploads\/2026\/03\/Rectangle-10-1-1536x1124.webp 1536w\" sizes=\"auto, (max-width: 1672px) 100vw, 1672px\" \/>\t\t\t\t\t\t\t\t\t\t\t\t\t\t\t\t<\/p>\n<h2>Education<\/h2>\n<p>R\u00e9habiliter les \u00e9coles publiques, renforcer les cantines scolaires et offrir des bourses d\u2019excellence aux enfants m\u00e9ritants.<\/p>\n<p>\t\t\t\t\t\t\t\t\t\t\t\t\t<img loading=\"lazy\" decoding=\"async\" width=\"1672\" height=\"1224\" src=\"https:\/\/futureafricaphilanthropy.org\/wp-content\/uploads\/2026\/03\/Rectangle-10-3.webp\" alt=\"\" srcset=\"https:\/\/futureafricaphilanthropy.org\/wp-content\/uploads\/2026\/03\/Rectangle-10-3.webp 1672w, https:\/\/futureafricaphilanthropy.org\/wp-content\/uploads\/2026\/03\/Rectangle-10-3-300x220.webp 300w, https:\/\/futureafricaphilanthropy.org\/wp-content\/uploads\/2026\/03\/Rectangle-10-3-1024x750.webp 1024w, https:\/\/futureafricaphilanthropy.org\/wp-content\/uploads\/2026\/03\/Rectangle-10-3-768x562.webp 768w, https:\/\/futureafricaphilanthropy.org\/wp-content\/uploads\/2026\/03\/Rectangle-10-3-1536x1124.webp 1536w\" sizes=\"auto, (max-width: 1672px) 100vw, 1672px\" \/>\t\t\t\t\t\t\t\t\t\t\t\t\t\t\t\t<\/p>\n<h2>Arts &amp; Culture<\/h2>\n<p>Soutenir la cr\u00e9ation africaine, promouvoir le dialogue des cultures et faire rayonner les talents du continent.<\/p>\n<h2>Vous voulez nous rejoindre ?<\/h2>\n<p>\t\t\t\t\t\t\t\t\t\t<a href=\"#\"><br \/>\n\t\t\t\t\t\t\t\t\tContactez-nous<br \/>\n\t\t\t\t\t<\/a><\/p>\n","protected":false},"excerpt":{"rendered":"<p>Nous sommes un laboratoire de solutions philanthropiques Notre\u00a0philanthropie\u00a0familiale s\u2019articule autour de trois axes majeurs\u202f:\u00a0 Climat Sensibiliser les jeunes aux enjeux \u00e9cologiques et encourager des initiatives locales de pr\u00e9servation. Education R\u00e9habiliter les \u00e9coles publiques, renforcer les cantines scolaires et offrir des bourses d\u2019excellence aux enfants m\u00e9ritants. Arts &amp; Culture Soutenir la cr\u00e9ation africaine, promouvoir le dialogue [&hellip;]<\/p>\n","protected":false},"author":3,"featured_media":0,"parent":0,"menu_order":0,"comment_status":"closed","ping_status":"closed","template":"","meta":{"footnotes":""},"class_list":["post-42","page","type-page","status-publish","hentry"],"_links":{"self":[{"href":"https:\/\/futureafricaphilanthropy.org\/index.php\/wp-json\/wp\/v2\/pages\/42","targetHints":{"allow":["GET"]}}],"collection":[{"href":"https:\/\/futureafricaphilanthropy.org\/index.php\/wp-json\/wp\/v2\/pages"}],"about":[{"href":"https:\/\/futureafricaphilanthropy.org\/index.php\/wp-json\/wp\/v2\/types\/page"}],"author":[{"embeddable":true,"href":"https:\/\/futureafricaphilanthropy.org\/index.php\/wp-json\/wp\/v2\/users\/3"}],"replies":[{"embeddable":true,"href":"https:\/\/futureafricaphilanthropy.org\/index.php\/wp-json\/wp\/v2\/comments?post=42"}],"version-history":[{"count":34,"href":"https:\/\/futureafricaphilanthropy.org\/index.php\/wp-json\/wp\/v2\/pages\/42\/revisions"}],"predecessor-version":[{"id":420,"href":"https:\/\/futureafricaphilanthropy.org\/index.php\/wp-json\/wp\/v2\/pages\/42\/revisions\/420"}],"wp:attachment":[{"href":"https:\/\/futureafricaphilanthropy.org\/index.php\/wp-json\/wp\/v2\/media?parent=42"}],"curies":[{"name":"wp","href":"https:\/\/api.w.org\/{rel}","templated":true}]}}