{"id":39,"date":"2026-03-09T10:39:48","date_gmt":"2026-03-09T10:39:48","guid":{"rendered":"https:\/\/futureafricaphilanthropy.org\/?page_id=39"},"modified":"2026-03-10T13:07:55","modified_gmt":"2026-03-10T13:07:55","slug":"domaines-d-impact","status":"publish","type":"page","link":"https:\/\/futureafricaphilanthropy.org\/index.php\/domaines-d-impact\/","title":{"rendered":"Domaines d&rsquo;impact"},"content":{"rendered":"<h2>Une philanthropie cibl\u00e9e sur des enjeux cl\u00e9 pour la jeunesse africaine<\/h2>\n<p>Future Africa, Charles Kie Family Philanthropy \u00e9value l\u2019impact de son intervention dans trois domaines<\/p>\n<style>.elementor-264 .elementor-element.elementor-element-478e147{--display:flex;--min-height:450px;--flex-direction:column;--container-widget-width:calc( ( 1 - var( --container-widget-flex-grow ) ) * 100% );--container-widget-height:initial;--container-widget-flex-grow:0;--container-widget-align-self:initial;--flex-wrap-mobile:wrap;--justify-content:center;--align-items:center;--gap:0px 0px;--row-gap:0px;--column-gap:0px;--margin-top:0px;--margin-bottom:0px;--margin-left:0px;--margin-right:0px;--padding-top:0px;--padding-bottom:0px;--padding-left:0px;--padding-right:0px;}.elementor-264 .elementor-element.elementor-element-de0d2ef{--display:flex;--min-height:200px;--flex-direction:row;--container-widget-width:calc( ( 1 - var( --container-widget-flex-grow ) ) * 100% );--container-widget-height:100%;--container-widget-flex-grow:1;--container-widget-align-self:stretch;--flex-wrap-mobile:wrap;--justify-content:center;--align-items:center;--margin-top:0px;--margin-bottom:0px;--margin-left:0px;--margin-right:0px;--padding-top:0px;--padding-bottom:0px;--padding-left:0px;--padding-right:0px;}.elementor-widget-image .widget-image-caption{color:var( --e-global-color-text );font-family:var( --e-global-typography-text-font-family ), Sans-serif;font-weight:var( --e-global-typography-text-font-weight );}.elementor-264 .elementor-element.elementor-element-d6f1bb1 img{width:100%;max-width:100%;height:200px;object-fit:cover;object-position:top left;}.elementor-264 .elementor-element.elementor-element-d6f1bb1{margin:0px 0px calc(var(--kit-widget-spacing, 0px) + 0px) 0px;padding:0px 0px 0px 0px;width:100%;max-width:100%;}.elementor-264 .elementor-element.elementor-element-4de889a{--display:flex;--min-height:250px;--margin-top:0px;--margin-bottom:0px;--margin-left:0px;--margin-right:0px;--padding-top:20px;--padding-bottom:20px;--padding-left:20px;--padding-right:20px;}.elementor-264 .elementor-element.elementor-element-4de889a:not(.elementor-motion-effects-element-type-background), .elementor-264 .elementor-element.elementor-element-4de889a > .elementor-motion-effects-container > .elementor-motion-effects-layer{background-color:var( --e-global-color-secondary );}.elementor-widget-heading .elementor-heading-title{font-family:var( --e-global-typography-primary-font-family ), Sans-serif;font-weight:var( --e-global-typography-primary-font-weight );color:var( --e-global-color-primary );}.elementor-264 .elementor-element.elementor-element-c0d1443 .elementor-heading-title{font-family:\"Sora\", Sans-serif;font-size:20px;font-weight:600;color:#FFEDD2;}.elementor-widget-text-editor{font-family:var( --e-global-typography-text-font-family ), Sans-serif;font-weight:var( --e-global-typography-text-font-weight );color:var( --e-global-color-text );}.elementor-widget-text-editor.elementor-drop-cap-view-stacked .elementor-drop-cap{background-color:var( --e-global-color-primary );}.elementor-widget-text-editor.elementor-drop-cap-view-framed .elementor-drop-cap, .elementor-widget-text-editor.elementor-drop-cap-view-default .elementor-drop-cap{color:var( --e-global-color-primary );border-color:var( --e-global-color-primary );}.elementor-264 .elementor-element.elementor-element-d8969c3{font-family:\"Sora\", Sans-serif;font-size:18px;font-weight:400;color:#FFEDD2;}@media(min-width:768px){.elementor-264 .elementor-element.elementor-element-de0d2ef{--width:100%;}}<\/style>\n<style>.elementor-264 .elementor-element.elementor-element-478e147{--display:flex;--min-height:450px;--flex-direction:column;--container-widget-width:calc( ( 1 - var( --container-widget-flex-grow ) ) * 100% );--container-widget-height:initial;--container-widget-flex-grow:0;--container-widget-align-self:initial;--flex-wrap-mobile:wrap;--justify-content:center;--align-items:center;--gap:0px 0px;--row-gap:0px;--column-gap:0px;--margin-top:0px;--margin-bottom:0px;--margin-left:0px;--margin-right:0px;--padding-top:0px;--padding-bottom:0px;--padding-left:0px;--padding-right:0px;}.elementor-264 .elementor-element.elementor-element-de0d2ef{--display:flex;--min-height:200px;--flex-direction:row;--container-widget-width:calc( ( 1 - var( --container-widget-flex-grow ) ) * 100% );--container-widget-height:100%;--container-widget-flex-grow:1;--container-widget-align-self:stretch;--flex-wrap-mobile:wrap;--justify-content:center;--align-items:center;--margin-top:0px;--margin-bottom:0px;--margin-left:0px;--margin-right:0px;--padding-top:0px;--padding-bottom:0px;--padding-left:0px;--padding-right:0px;}.elementor-widget-image .widget-image-caption{color:var( --e-global-color-text );font-family:var( --e-global-typography-text-font-family ), Sans-serif;font-weight:var( --e-global-typography-text-font-weight );}.elementor-264 .elementor-element.elementor-element-d6f1bb1 img{width:100%;max-width:100%;height:200px;object-fit:cover;object-position:top left;}.elementor-264 .elementor-element.elementor-element-d6f1bb1{margin:0px 0px calc(var(--kit-widget-spacing, 0px) + 0px) 0px;padding:0px 0px 0px 0px;width:100%;max-width:100%;}.elementor-264 .elementor-element.elementor-element-4de889a{--display:flex;--min-height:250px;--margin-top:0px;--margin-bottom:0px;--margin-left:0px;--margin-right:0px;--padding-top:20px;--padding-bottom:20px;--padding-left:20px;--padding-right:20px;}.elementor-264 .elementor-element.elementor-element-4de889a:not(.elementor-motion-effects-element-type-background), .elementor-264 .elementor-element.elementor-element-4de889a > .elementor-motion-effects-container > .elementor-motion-effects-layer{background-color:var( --e-global-color-secondary );}.elementor-widget-heading .elementor-heading-title{font-family:var( --e-global-typography-primary-font-family ), Sans-serif;font-weight:var( --e-global-typography-primary-font-weight );color:var( --e-global-color-primary );}.elementor-264 .elementor-element.elementor-element-c0d1443 .elementor-heading-title{font-family:\"Sora\", Sans-serif;font-size:20px;font-weight:600;color:#FFEDD2;}.elementor-widget-text-editor{font-family:var( --e-global-typography-text-font-family ), Sans-serif;font-weight:var( --e-global-typography-text-font-weight );color:var( --e-global-color-text );}.elementor-widget-text-editor.elementor-drop-cap-view-stacked .elementor-drop-cap{background-color:var( --e-global-color-primary );}.elementor-widget-text-editor.elementor-drop-cap-view-framed .elementor-drop-cap, .elementor-widget-text-editor.elementor-drop-cap-view-default .elementor-drop-cap{color:var( --e-global-color-primary );border-color:var( --e-global-color-primary );}.elementor-264 .elementor-element.elementor-element-d8969c3{font-family:\"Sora\", Sans-serif;font-size:18px;font-weight:400;color:#FFEDD2;}@media(min-width:768px){.elementor-264 .elementor-element.elementor-element-de0d2ef{--width:100%;}}<\/style>\n<style>.elementor-264 .elementor-element.elementor-element-478e147{--display:flex;--min-height:450px;--flex-direction:column;--container-widget-width:calc( ( 1 - var( --container-widget-flex-grow ) ) * 100% );--container-widget-height:initial;--container-widget-flex-grow:0;--container-widget-align-self:initial;--flex-wrap-mobile:wrap;--justify-content:center;--align-items:center;--gap:0px 0px;--row-gap:0px;--column-gap:0px;--margin-top:0px;--margin-bottom:0px;--margin-left:0px;--margin-right:0px;--padding-top:0px;--padding-bottom:0px;--padding-left:0px;--padding-right:0px;}.elementor-264 .elementor-element.elementor-element-de0d2ef{--display:flex;--min-height:200px;--flex-direction:row;--container-widget-width:calc( ( 1 - var( --container-widget-flex-grow ) ) * 100% );--container-widget-height:100%;--container-widget-flex-grow:1;--container-widget-align-self:stretch;--flex-wrap-mobile:wrap;--justify-content:center;--align-items:center;--margin-top:0px;--margin-bottom:0px;--margin-left:0px;--margin-right:0px;--padding-top:0px;--padding-bottom:0px;--padding-left:0px;--padding-right:0px;}.elementor-widget-image .widget-image-caption{color:var( --e-global-color-text );font-family:var( --e-global-typography-text-font-family ), Sans-serif;font-weight:var( --e-global-typography-text-font-weight );}.elementor-264 .elementor-element.elementor-element-d6f1bb1 img{width:100%;max-width:100%;height:200px;object-fit:cover;object-position:top left;}.elementor-264 .elementor-element.elementor-element-d6f1bb1{margin:0px 0px calc(var(--kit-widget-spacing, 0px) + 0px) 0px;padding:0px 0px 0px 0px;width:100%;max-width:100%;}.elementor-264 .elementor-element.elementor-element-4de889a{--display:flex;--min-height:250px;--margin-top:0px;--margin-bottom:0px;--margin-left:0px;--margin-right:0px;--padding-top:20px;--padding-bottom:20px;--padding-left:20px;--padding-right:20px;}.elementor-264 .elementor-element.elementor-element-4de889a:not(.elementor-motion-effects-element-type-background), .elementor-264 .elementor-element.elementor-element-4de889a > .elementor-motion-effects-container > .elementor-motion-effects-layer{background-color:var( --e-global-color-secondary );}.elementor-widget-heading .elementor-heading-title{font-family:var( --e-global-typography-primary-font-family ), Sans-serif;font-weight:var( --e-global-typography-primary-font-weight );color:var( --e-global-color-primary );}.elementor-264 .elementor-element.elementor-element-c0d1443 .elementor-heading-title{font-family:\"Sora\", Sans-serif;font-size:20px;font-weight:600;color:#FFEDD2;}.elementor-widget-text-editor{font-family:var( --e-global-typography-text-font-family ), Sans-serif;font-weight:var( --e-global-typography-text-font-weight );color:var( --e-global-color-text );}.elementor-widget-text-editor.elementor-drop-cap-view-stacked .elementor-drop-cap{background-color:var( --e-global-color-primary );}.elementor-widget-text-editor.elementor-drop-cap-view-framed .elementor-drop-cap, .elementor-widget-text-editor.elementor-drop-cap-view-default .elementor-drop-cap{color:var( --e-global-color-primary );border-color:var( --e-global-color-primary );}.elementor-264 .elementor-element.elementor-element-d8969c3{font-family:\"Sora\", Sans-serif;font-size:18px;font-weight:400;color:#FFEDD2;}@media(min-width:768px){.elementor-264 .elementor-element.elementor-element-de0d2ef{--width:100%;}}<\/style>\n<h2>Notre m\u00e9cenat\u200b<\/h2>\n<p>Bien que nous concevions et pilotions nos propres initiatives, notre m\u00e9c\u00e9nat s\u2019articule comme suit\u00a0:<\/p>\n<h2>M\u00e9c\u00e9nat de comp\u00e9tences<\/h2>\n<h2>Mise en r\u00e9seau<\/h2>\n<h2>Mises \u00e0 disposition de nos espaces situ\u00e9s \u00e0 la Riviera 4<\/h2>\n<p>Pour b\u00e9n\u00e9ficier de notre m\u00e9c\u00e9nat, nous contacter \u00e0<\/p>\n<h2><a href=\"mailto:fap@futureafricaphilanthropy.org\">fap@futureafricaphilanthropy.org<\/a><\/h2>\n","protected":false},"excerpt":{"rendered":"<p>Une philanthropie cibl\u00e9e sur des enjeux cl\u00e9 pour la jeunesse africaine Future Africa, Charles Kie Family Philanthropy \u00e9value l\u2019impact de son intervention dans trois domaines Notre m\u00e9cenat\u200b Bien que nous concevions et pilotions nos propres initiatives, notre m\u00e9c\u00e9nat s\u2019articule comme suit\u00a0: M\u00e9c\u00e9nat de comp\u00e9tences Mise en r\u00e9seau Mises \u00e0 disposition de nos espaces situ\u00e9s \u00e0 [&hellip;]<\/p>\n","protected":false},"author":3,"featured_media":0,"parent":0,"menu_order":0,"comment_status":"closed","ping_status":"closed","template":"","meta":{"footnotes":""},"class_list":["post-39","page","type-page","status-publish","hentry"],"_links":{"self":[{"href":"https:\/\/futureafricaphilanthropy.org\/index.php\/wp-json\/wp\/v2\/pages\/39","targetHints":{"allow":["GET"]}}],"collection":[{"href":"https:\/\/futureafricaphilanthropy.org\/index.php\/wp-json\/wp\/v2\/pages"}],"about":[{"href":"https:\/\/futureafricaphilanthropy.org\/index.php\/wp-json\/wp\/v2\/types\/page"}],"author":[{"embeddable":true,"href":"https:\/\/futureafricaphilanthropy.org\/index.php\/wp-json\/wp\/v2\/users\/3"}],"replies":[{"embeddable":true,"href":"https:\/\/futureafricaphilanthropy.org\/index.php\/wp-json\/wp\/v2\/comments?post=39"}],"version-history":[{"count":86,"href":"https:\/\/futureafricaphilanthropy.org\/index.php\/wp-json\/wp\/v2\/pages\/39\/revisions"}],"predecessor-version":[{"id":381,"href":"https:\/\/futureafricaphilanthropy.org\/index.php\/wp-json\/wp\/v2\/pages\/39\/revisions\/381"}],"wp:attachment":[{"href":"https:\/\/futureafricaphilanthropy.org\/index.php\/wp-json\/wp\/v2\/media?parent=39"}],"curies":[{"name":"wp","href":"https:\/\/api.w.org\/{rel}","templated":true}]}}