{"id":21,"date":"2026-03-09T10:12:04","date_gmt":"2026-03-09T10:12:04","guid":{"rendered":"https:\/\/futureafricaphilanthropy.org\/?page_id=21"},"modified":"2026-03-10T12:28:23","modified_gmt":"2026-03-10T12:28:23","slug":"accueil","status":"publish","type":"page","link":"https:\/\/futureafricaphilanthropy.org\/","title":{"rendered":"Accueil"},"content":{"rendered":"<p>Co -cr\u00e9ons la philanthropie africaine de demainNous rejoindreCo -cr\u00e9ons la philanthropie africaine de demainNous rejoindreCo -cr\u00e9ons la philanthropie africaine de demainNous rejoindre\t\t\t\t<\/p>\n<p>Nous pilotons des initiatives qui favorisent l\u2019insertion socioprofessionnelle et l\u2019acc\u00e8s au financement des g\u00e9n\u00e9rations pr\u00e9sentes et futures, en Afrique de l\u2019ouest<\/p>\n<p>Nous sommes un laboratoire de solutions philanthropiques<\/p>\n<p>Notre philanthropie familiale s\u2019articule autour de trois axes majeurs<\/p>\n<p>\t\t\t\t\t\t\t\t\t\t\t\t\t<img loading=\"lazy\" decoding=\"async\" width=\"1672\" height=\"1224\" src=\"https:\/\/futureafricaphilanthropy.org\/wp-content\/uploads\/2026\/03\/Rectangle-10-1.webp\" alt=\"\" srcset=\"https:\/\/futureafricaphilanthropy.org\/wp-content\/uploads\/2026\/03\/Rectangle-10-1.webp 1672w, https:\/\/futureafricaphilanthropy.org\/wp-content\/uploads\/2026\/03\/Rectangle-10-1-300x220.webp 300w, https:\/\/futureafricaphilanthropy.org\/wp-content\/uploads\/2026\/03\/Rectangle-10-1-1024x750.webp 1024w, https:\/\/futureafricaphilanthropy.org\/wp-content\/uploads\/2026\/03\/Rectangle-10-1-768x562.webp 768w, https:\/\/futureafricaphilanthropy.org\/wp-content\/uploads\/2026\/03\/Rectangle-10-1-1536x1124.webp 1536w\" sizes=\"auto, (max-width: 1672px) 100vw, 1672px\" \/>\t\t\t\t\t\t\t\t\t\t\t\t\t\t\t\t<\/p>\n<h2>Education<\/h2>\n<p>\t\t\t\t\t\t\t\t\t\t\t\t\t\t\t<img loading=\"lazy\" decoding=\"async\" width=\"1672\" height=\"1224\" src=\"https:\/\/futureafricaphilanthropy.org\/wp-content\/uploads\/2026\/03\/Rectangle-10-2.webp\" alt=\"\" srcset=\"https:\/\/futureafricaphilanthropy.org\/wp-content\/uploads\/2026\/03\/Rectangle-10-2.webp 1672w, https:\/\/futureafricaphilanthropy.org\/wp-content\/uploads\/2026\/03\/Rectangle-10-2-300x220.webp 300w, https:\/\/futureafricaphilanthropy.org\/wp-content\/uploads\/2026\/03\/Rectangle-10-2-1024x750.webp 1024w, https:\/\/futureafricaphilanthropy.org\/wp-content\/uploads\/2026\/03\/Rectangle-10-2-768x562.webp 768w, https:\/\/futureafricaphilanthropy.org\/wp-content\/uploads\/2026\/03\/Rectangle-10-2-1536x1124.webp 1536w\" sizes=\"auto, (max-width: 1672px) 100vw, 1672px\" \/>\t\t\t\t\t\t\t\t\t\t\t\t\t\t\t\t<\/p>\n<h2>Climat<\/h2>\n<p>\t\t\t\t\t\t\t\t\t\t\t\t\t\t\t<img loading=\"lazy\" decoding=\"async\" width=\"1672\" height=\"1224\" src=\"https:\/\/futureafricaphilanthropy.org\/wp-content\/uploads\/2026\/03\/Rectangle-10-3.webp\" alt=\"\" srcset=\"https:\/\/futureafricaphilanthropy.org\/wp-content\/uploads\/2026\/03\/Rectangle-10-3.webp 1672w, https:\/\/futureafricaphilanthropy.org\/wp-content\/uploads\/2026\/03\/Rectangle-10-3-300x220.webp 300w, https:\/\/futureafricaphilanthropy.org\/wp-content\/uploads\/2026\/03\/Rectangle-10-3-1024x750.webp 1024w, https:\/\/futureafricaphilanthropy.org\/wp-content\/uploads\/2026\/03\/Rectangle-10-3-768x562.webp 768w, https:\/\/futureafricaphilanthropy.org\/wp-content\/uploads\/2026\/03\/Rectangle-10-3-1536x1124.webp 1536w\" sizes=\"auto, (max-width: 1672px) 100vw, 1672px\" \/>\t\t\t\t\t\t\t\t\t\t\t\t\t\t\t\t<\/p>\n<h2>Arts &amp; Culture<\/h2>\n<h2>S\u2019abonner \u00e0 la newsletter<\/h2>\n","protected":false},"excerpt":{"rendered":"<p>Co -cr\u00e9ons la philanthropie africaine de demainNous rejoindreCo -cr\u00e9ons la philanthropie africaine de demainNous rejoindreCo -cr\u00e9ons la philanthropie africaine de demainNous rejoindre Nous pilotons des initiatives qui favorisent l\u2019insertion socioprofessionnelle et l\u2019acc\u00e8s au financement des g\u00e9n\u00e9rations pr\u00e9sentes et futures, en Afrique de l\u2019ouest Nous sommes un laboratoire de solutions philanthropiques Notre philanthropie familiale s\u2019articule autour [&hellip;]<\/p>\n","protected":false},"author":3,"featured_media":0,"parent":0,"menu_order":0,"comment_status":"closed","ping_status":"closed","template":"","meta":{"footnotes":""},"class_list":["post-21","page","type-page","status-publish","hentry"],"_links":{"self":[{"href":"https:\/\/futureafricaphilanthropy.org\/index.php\/wp-json\/wp\/v2\/pages\/21","targetHints":{"allow":["GET"]}}],"collection":[{"href":"https:\/\/futureafricaphilanthropy.org\/index.php\/wp-json\/wp\/v2\/pages"}],"about":[{"href":"https:\/\/futureafricaphilanthropy.org\/index.php\/wp-json\/wp\/v2\/types\/page"}],"author":[{"embeddable":true,"href":"https:\/\/futureafricaphilanthropy.org\/index.php\/wp-json\/wp\/v2\/users\/3"}],"replies":[{"embeddable":true,"href":"https:\/\/futureafricaphilanthropy.org\/index.php\/wp-json\/wp\/v2\/comments?post=21"}],"version-history":[{"count":67,"href":"https:\/\/futureafricaphilanthropy.org\/index.php\/wp-json\/wp\/v2\/pages\/21\/revisions"}],"predecessor-version":[{"id":332,"href":"https:\/\/futureafricaphilanthropy.org\/index.php\/wp-json\/wp\/v2\/pages\/21\/revisions\/332"}],"wp:attachment":[{"href":"https:\/\/futureafricaphilanthropy.org\/index.php\/wp-json\/wp\/v2\/media?parent=21"}],"curies":[{"name":"wp","href":"https:\/\/api.w.org\/{rel}","templated":true}]}}